{"id":2258,"date":"2018-11-13T11:55:58","date_gmt":"2018-11-13T10:55:58","guid":{"rendered":"https:\/\/www.mielmartine.fr\/?post_type=product&#038;p=2258"},"modified":"2026-01-23T16:27:35","modified_gmt":"2026-01-23T15:27:35","slug":"reines-fecondees-buckfast","status":"publish","type":"product","link":"https:\/\/www.mielmartine.fr\/fr\/produit\/reines-fecondees-buckfast\/","title":{"rendered":"Reines f\u00e9cond\u00e9es Buckfast 2026"},"content":{"rendered":"","protected":false},"excerpt":{"rendered":"[av_button_big label='R\u00e9servez vos reines ' description_pos='' icon_select='yes-left-icon' icon='ue859' font='entypo-fontello' title_attr='' link='manually,https:\/\/commande.kuupanda.com\/producteur\/1567\/part\/boutique\/reservation_reines_2026_' link_dynamic='' link_target='' size-text='' av-desktop-font-size-text='' av-medium-font-size-text='' av-small-font-size-text='' av-mini-font-size-text='' margin='' margin_sync='true' padding='' padding_sync='true' av-desktop-margin='' av-desktop-margin_sync='true' av-desktop-padding='' av-desktop-padding_sync='true' av-medium-margin='' av-medium-margin_sync='true' av-medium-padding='' av-medium-padding_sync='true' av-small-margin='' av-small-margin_sync='true' av-small-padding='' av-small-padding_sync='true' av-mini-margin='' av-mini-margin_sync='true' av-mini-padding='' av-mini-padding_sync='true' color='custom' btn_custom_grad_direction='vertical_rev' btn_custom_grad_1='#000000' btn_custom_grad_2='#ffffff' btn_custom_grad_3='' btn_custom_grad_opacity='0.7' custom_bg='#ffe49a' color_hover='theme-color-highlight' custom_bg_hover='#444444' color_font='black' custom_font='#ffffff' color_font_hover='white' custom_font_hover='#ffffff' border='' border_width='' border_width_sync='true' border_color='' border_radius='' border_radius_sync='true' box_shadow='' box_shadow_style='0px,0px,0px,0px' box_shadow_color='' hover_opacity='' sonar_effect_effect='' sonar_effect_color='' sonar_effect_duration='1' sonar_effect_scale='' sonar_effect_opac='0.5' id='' custom_class='' template_class='' av_uid='' sc_version='1.0' admin_preview_bg=''][\/av_button_big]\n[av_table purpose='pricing' pricing_table_design='avia_pricing_default' pricing_hidden_cells='' caption='' responsive_styling='avia_responsive_table' alb_description='' id='' custom_class='' template_class='' av_uid='' sc_version='1.0'] [av_row row_style=''][av_cell col_style='']De 1 \u00e0 10 reines [\/av_cell][av_cell col_style='']29,90[\/av_cell][\/av_row] [av_row row_style=''][av_cell col_style='']De 11 \u00e0 50 reines [\/av_cell][av_cell col_style='']28,90[\/av_cell][\/av_row] [av_row row_style=''][av_cell col_style='']+ de 50 reines [\/av_cell][av_cell col_style='']27,50[\/av_cell][\/av_row] [\/av_table]\n<p>Commande (choisissez la quantit\u00e9 souhait\u00e9e et le prix va s&rsquo;ajuster automatiquement)<\/p>\n<p><strong>Choisissez la date d&rsquo;exp\u00e9dition<\/strong><\/p>\n<p>Reine fr\u00e8re Adam et \u00e9lev\u00e9e en France. Les f\u00e9condations sont faites de mani\u00e8re naturelle.<\/p>\n<p>Reines de l&rsquo;ann\u00e9e. F1<\/p>\n<p>Chaque reine command\u00e9e voyage dans une cage en plastique a\u00e9r\u00e9e avec ses accompagnatrices.<\/p>\n<p>Toute commande re\u00e7ue endommag\u00e9e doit \u00eatre signal\u00e9e dans les 24h apr\u00e8s la r\u00e9ception avec les photos de la cagette.<\/p>\n<p>Miel Martine ne peut \u00eatre tenu responsable des retards de Colissimo.<\/p>\n","protected":false},"featured_media":2180,"comment_status":"open","ping_status":"closed","template":"","meta":{"_acf_changed":false},"product_cat":[35],"product_tag":[],"acf":[],"yoast_head":"<!-- This site is optimized with the Yoast SEO plugin v24.4 - https:\/\/yoast.com\/wordpress\/plugins\/seo\/ -->\n<title>Reines f\u00e9cond\u00e9es Buckfast \u00e9lev\u00e9es en France - Miel Martine<\/title>\n<meta name=\"description\" content=\"Produit de la ruche : nos reines f\u00e9cond\u00e9es (fr\u00e8re d&#039;Adam - buckfast) sont \u00e9lev\u00e9es en France par nos soins. Chaque reine voyage dans une cagette...\" \/>\n<meta name=\"robots\" content=\"index, follow, max-snippet:-1, max-image-preview:large, max-video-preview:-1\" \/>\n<link rel=\"canonical\" href=\"https:\/\/www.mielmartine.fr\/fr\/produit\/reines-fecondees-buckfast\/\" \/>\n<meta property=\"og:locale\" content=\"fr_FR\" \/>\n<meta property=\"og:type\" content=\"article\" \/>\n<meta property=\"og:title\" content=\"Reines f\u00e9cond\u00e9es Buckfast \u00e9lev\u00e9es en France - Miel Martine\" \/>\n<meta property=\"og:description\" content=\"Produit de la ruche : nos reines f\u00e9cond\u00e9es (fr\u00e8re d&#039;Adam - buckfast) sont \u00e9lev\u00e9es en France par nos soins. Chaque reine voyage dans une cagette...\" \/>\n<meta property=\"og:url\" content=\"https:\/\/www.mielmartine.fr\/fr\/produit\/reines-fecondees-buckfast\/\" \/>\n<meta property=\"og:site_name\" content=\"Miel Martine\" \/>\n<meta property=\"article:publisher\" content=\"https:\/\/www.facebook.com\/mielmartine\/\" \/>\n<meta property=\"article:modified_time\" content=\"2026-01-23T15:27:35+00:00\" \/>\n<meta property=\"og:image\" content=\"https:\/\/www.mielmartine.fr\/wp-content\/uploads\/2018\/11\/reine.jpg\" \/>\n\t<meta property=\"og:image:width\" content=\"796\" \/>\n\t<meta property=\"og:image:height\" content=\"796\" \/>\n\t<meta property=\"og:image:type\" content=\"image\/jpeg\" \/>\n<meta name=\"twitter:card\" content=\"summary_large_image\" \/>\n<script type=\"application\/ld+json\" class=\"yoast-schema-graph\">{\"@context\":\"https:\/\/schema.org\",\"@graph\":[{\"@type\":\"WebPage\",\"@id\":\"https:\/\/www.mielmartine.fr\/fr\/produit\/reines-fecondees-buckfast\/\",\"url\":\"https:\/\/www.mielmartine.fr\/fr\/produit\/reines-fecondees-buckfast\/\",\"name\":\"Reines f\u00e9cond\u00e9es Buckfast \u00e9lev\u00e9es en France - Miel Martine\",\"isPartOf\":{\"@id\":\"https:\/\/www.mielmartine.fr\/fr\/#website\"},\"primaryImageOfPage\":{\"@id\":\"https:\/\/www.mielmartine.fr\/fr\/produit\/reines-fecondees-buckfast\/#primaryimage\"},\"image\":{\"@id\":\"https:\/\/www.mielmartine.fr\/fr\/produit\/reines-fecondees-buckfast\/#primaryimage\"},\"thumbnailUrl\":\"https:\/\/www.mielmartine.fr\/wp-content\/uploads\/2018\/11\/reine.jpg\",\"datePublished\":\"2018-11-13T10:55:58+00:00\",\"dateModified\":\"2026-01-23T15:27:35+00:00\",\"description\":\"Produit de la ruche : nos reines f\u00e9cond\u00e9es (fr\u00e8re d'Adam - buckfast) sont \u00e9lev\u00e9es en France par nos soins. Chaque reine voyage dans une cagette...\",\"breadcrumb\":{\"@id\":\"https:\/\/www.mielmartine.fr\/fr\/produit\/reines-fecondees-buckfast\/#breadcrumb\"},\"inLanguage\":\"fr-FR\",\"potentialAction\":[{\"@type\":\"ReadAction\",\"target\":[\"https:\/\/www.mielmartine.fr\/fr\/produit\/reines-fecondees-buckfast\/\"]}]},{\"@type\":\"ImageObject\",\"inLanguage\":\"fr-FR\",\"@id\":\"https:\/\/www.mielmartine.fr\/fr\/produit\/reines-fecondees-buckfast\/#primaryimage\",\"url\":\"https:\/\/www.mielmartine.fr\/wp-content\/uploads\/2018\/11\/reine.jpg\",\"contentUrl\":\"https:\/\/www.mielmartine.fr\/wp-content\/uploads\/2018\/11\/reine.jpg\",\"width\":796,\"height\":796,\"caption\":\"reine des abeilles\"},{\"@type\":\"BreadcrumbList\",\"@id\":\"https:\/\/www.mielmartine.fr\/fr\/produit\/reines-fecondees-buckfast\/#breadcrumb\",\"itemListElement\":[{\"@type\":\"ListItem\",\"position\":1,\"name\":\"Accueil\",\"item\":\"https:\/\/www.mielmartine.fr\/fr\/accueil\/\"},{\"@type\":\"ListItem\",\"position\":2,\"name\":\"Produits\",\"item\":\"https:\/\/www.mielmartine.fr\/fr\/shop-default\/\"},{\"@type\":\"ListItem\",\"position\":3,\"name\":\"Reines f\u00e9cond\u00e9es Buckfast 2026\"}]},{\"@type\":\"WebSite\",\"@id\":\"https:\/\/www.mielmartine.fr\/fr\/#website\",\"url\":\"https:\/\/www.mielmartine.fr\/fr\/\",\"name\":\"Miel Martine\",\"description\":\"Miels de France\",\"publisher\":{\"@id\":\"https:\/\/www.mielmartine.fr\/fr\/#organization\"},\"potentialAction\":[{\"@type\":\"SearchAction\",\"target\":{\"@type\":\"EntryPoint\",\"urlTemplate\":\"https:\/\/www.mielmartine.fr\/fr\/?s={search_term_string}\"},\"query-input\":{\"@type\":\"PropertyValueSpecification\",\"valueRequired\":true,\"valueName\":\"search_term_string\"}}],\"inLanguage\":\"fr-FR\"},{\"@type\":\"Organization\",\"@id\":\"https:\/\/www.mielmartine.fr\/fr\/#organization\",\"name\":\"Miel Martine\",\"url\":\"https:\/\/www.mielmartine.fr\/fr\/\",\"logo\":{\"@type\":\"ImageObject\",\"inLanguage\":\"fr-FR\",\"@id\":\"https:\/\/www.mielmartine.fr\/fr\/#\/schema\/logo\/image\/\",\"url\":\"https:\/\/www.mielmartine.fr\/wp-content\/uploads\/2018\/05\/LOGO_TAGLINE_MARTINE-1.svg\",\"contentUrl\":\"https:\/\/www.mielmartine.fr\/wp-content\/uploads\/2018\/05\/LOGO_TAGLINE_MARTINE-1.svg\",\"width\":1,\"height\":1,\"caption\":\"Miel Martine\"},\"image\":{\"@id\":\"https:\/\/www.mielmartine.fr\/fr\/#\/schema\/logo\/image\/\"},\"sameAs\":[\"https:\/\/www.facebook.com\/mielmartine\/\",\"https:\/\/www.instagram.com\/mielmartine\/\"]}]}<\/script>\n<!-- \/ Yoast SEO plugin. -->","yoast_head_json":{"title":"Reines f\u00e9cond\u00e9es Buckfast \u00e9lev\u00e9es en France - Miel Martine","description":"Produit de la ruche : nos reines f\u00e9cond\u00e9es (fr\u00e8re d'Adam - buckfast) sont \u00e9lev\u00e9es en France par nos soins. Chaque reine voyage dans une cagette...","robots":{"index":"index","follow":"follow","max-snippet":"max-snippet:-1","max-image-preview":"max-image-preview:large","max-video-preview":"max-video-preview:-1"},"canonical":"https:\/\/www.mielmartine.fr\/fr\/produit\/reines-fecondees-buckfast\/","og_locale":"fr_FR","og_type":"article","og_title":"Reines f\u00e9cond\u00e9es Buckfast \u00e9lev\u00e9es en France - Miel Martine","og_description":"Produit de la ruche : nos reines f\u00e9cond\u00e9es (fr\u00e8re d'Adam - buckfast) sont \u00e9lev\u00e9es en France par nos soins. Chaque reine voyage dans une cagette...","og_url":"https:\/\/www.mielmartine.fr\/fr\/produit\/reines-fecondees-buckfast\/","og_site_name":"Miel Martine","article_publisher":"https:\/\/www.facebook.com\/mielmartine\/","article_modified_time":"2026-01-23T15:27:35+00:00","og_image":[{"width":796,"height":796,"url":"https:\/\/www.mielmartine.fr\/wp-content\/uploads\/2018\/11\/reine.jpg","type":"image\/jpeg"}],"twitter_card":"summary_large_image","schema":{"@context":"https:\/\/schema.org","@graph":[{"@type":"WebPage","@id":"https:\/\/www.mielmartine.fr\/fr\/produit\/reines-fecondees-buckfast\/","url":"https:\/\/www.mielmartine.fr\/fr\/produit\/reines-fecondees-buckfast\/","name":"Reines f\u00e9cond\u00e9es Buckfast \u00e9lev\u00e9es en France - Miel Martine","isPartOf":{"@id":"https:\/\/www.mielmartine.fr\/fr\/#website"},"primaryImageOfPage":{"@id":"https:\/\/www.mielmartine.fr\/fr\/produit\/reines-fecondees-buckfast\/#primaryimage"},"image":{"@id":"https:\/\/www.mielmartine.fr\/fr\/produit\/reines-fecondees-buckfast\/#primaryimage"},"thumbnailUrl":"https:\/\/www.mielmartine.fr\/wp-content\/uploads\/2018\/11\/reine.jpg","datePublished":"2018-11-13T10:55:58+00:00","dateModified":"2026-01-23T15:27:35+00:00","description":"Produit de la ruche : nos reines f\u00e9cond\u00e9es (fr\u00e8re d'Adam - buckfast) sont \u00e9lev\u00e9es en France par nos soins. Chaque reine voyage dans une cagette...","breadcrumb":{"@id":"https:\/\/www.mielmartine.fr\/fr\/produit\/reines-fecondees-buckfast\/#breadcrumb"},"inLanguage":"fr-FR","potentialAction":[{"@type":"ReadAction","target":["https:\/\/www.mielmartine.fr\/fr\/produit\/reines-fecondees-buckfast\/"]}]},{"@type":"ImageObject","inLanguage":"fr-FR","@id":"https:\/\/www.mielmartine.fr\/fr\/produit\/reines-fecondees-buckfast\/#primaryimage","url":"https:\/\/www.mielmartine.fr\/wp-content\/uploads\/2018\/11\/reine.jpg","contentUrl":"https:\/\/www.mielmartine.fr\/wp-content\/uploads\/2018\/11\/reine.jpg","width":796,"height":796,"caption":"reine des abeilles"},{"@type":"BreadcrumbList","@id":"https:\/\/www.mielmartine.fr\/fr\/produit\/reines-fecondees-buckfast\/#breadcrumb","itemListElement":[{"@type":"ListItem","position":1,"name":"Accueil","item":"https:\/\/www.mielmartine.fr\/fr\/accueil\/"},{"@type":"ListItem","position":2,"name":"Produits","item":"https:\/\/www.mielmartine.fr\/fr\/shop-default\/"},{"@type":"ListItem","position":3,"name":"Reines f\u00e9cond\u00e9es Buckfast 2026"}]},{"@type":"WebSite","@id":"https:\/\/www.mielmartine.fr\/fr\/#website","url":"https:\/\/www.mielmartine.fr\/fr\/","name":"Miel Martine","description":"Miels de France","publisher":{"@id":"https:\/\/www.mielmartine.fr\/fr\/#organization"},"potentialAction":[{"@type":"SearchAction","target":{"@type":"EntryPoint","urlTemplate":"https:\/\/www.mielmartine.fr\/fr\/?s={search_term_string}"},"query-input":{"@type":"PropertyValueSpecification","valueRequired":true,"valueName":"search_term_string"}}],"inLanguage":"fr-FR"},{"@type":"Organization","@id":"https:\/\/www.mielmartine.fr\/fr\/#organization","name":"Miel Martine","url":"https:\/\/www.mielmartine.fr\/fr\/","logo":{"@type":"ImageObject","inLanguage":"fr-FR","@id":"https:\/\/www.mielmartine.fr\/fr\/#\/schema\/logo\/image\/","url":"https:\/\/www.mielmartine.fr\/wp-content\/uploads\/2018\/05\/LOGO_TAGLINE_MARTINE-1.svg","contentUrl":"https:\/\/www.mielmartine.fr\/wp-content\/uploads\/2018\/05\/LOGO_TAGLINE_MARTINE-1.svg","width":1,"height":1,"caption":"Miel Martine"},"image":{"@id":"https:\/\/www.mielmartine.fr\/fr\/#\/schema\/logo\/image\/"},"sameAs":["https:\/\/www.facebook.com\/mielmartine\/","https:\/\/www.instagram.com\/mielmartine\/"]}]}},"_links":{"self":[{"href":"https:\/\/www.mielmartine.fr\/fr\/wp-json\/wp\/v2\/product\/2258"}],"collection":[{"href":"https:\/\/www.mielmartine.fr\/fr\/wp-json\/wp\/v2\/product"}],"about":[{"href":"https:\/\/www.mielmartine.fr\/fr\/wp-json\/wp\/v2\/types\/product"}],"replies":[{"embeddable":true,"href":"https:\/\/www.mielmartine.fr\/fr\/wp-json\/wp\/v2\/comments?post=2258"}],"wp:featuredmedia":[{"embeddable":true,"href":"https:\/\/www.mielmartine.fr\/fr\/wp-json\/wp\/v2\/media\/2180"}],"wp:attachment":[{"href":"https:\/\/www.mielmartine.fr\/fr\/wp-json\/wp\/v2\/media?parent=2258"}],"wp:term":[{"taxonomy":"product_cat","embeddable":true,"href":"https:\/\/www.mielmartine.fr\/fr\/wp-json\/wp\/v2\/product_cat?post=2258"},{"taxonomy":"product_tag","embeddable":true,"href":"https:\/\/www.mielmartine.fr\/fr\/wp-json\/wp\/v2\/product_tag?post=2258"}],"curies":[{"name":"wp","href":"https:\/\/api.w.org\/{rel}","templated":true}]}}